{"id":10438,"date":"2025-11-17T04:16:53","date_gmt":"2025-11-17T04:16:53","guid":{"rendered":"https:\/\/rolex.dafc.com.vn\/rolex\/hand-cufflinks-a1029\/"},"modified":"2026-02-13T07:43:25","modified_gmt":"2026-02-13T07:43:25","slug":"hand-cufflinks-a1029","status":"publish","type":"product","link":"https:\/\/rolex.dafc.com.vn\/rolex\/vi\/accessories\/hand-cufflinks-a1029\/","title":{"rendered":"Khuy m\u0103ng s\u00e9t h\u00ecnh \u2018kim \u0111\u1ed3ng h\u1ed3\u2019"},"content":{"rendered":"","protected":false},"excerpt":{"rendered":"","protected":false},"featured_media":11747,"template":"","meta":{"_acf_changed":false},"product_brand":[],"product_cat":[569],"product_tag":[],"class_list":{"0":"post-10438","1":"product","2":"type-product","3":"status-publish","4":"has-post-thumbnail","6":"product_cat-accessories","8":"first","9":"instock","10":"purchasable","11":"product-type-simple"},"acf":[],"lang":"vi","translations":{"vi":10438,"en":10428},"pll_sync_post":[],"_links":{"self":[{"href":"https:\/\/rolex.dafc.com.vn\/rolex\/wp-json\/wp\/v2\/product\/10438","targetHints":{"allow":["GET"]}}],"collection":[{"href":"https:\/\/rolex.dafc.com.vn\/rolex\/wp-json\/wp\/v2\/product"}],"about":[{"href":"https:\/\/rolex.dafc.com.vn\/rolex\/wp-json\/wp\/v2\/types\/product"}],"wp:featuredmedia":[{"embeddable":true,"href":"https:\/\/rolex.dafc.com.vn\/rolex\/wp-json\/wp\/v2\/media\/11747"}],"wp:attachment":[{"href":"https:\/\/rolex.dafc.com.vn\/rolex\/wp-json\/wp\/v2\/media?parent=10438"}],"wp:term":[{"taxonomy":"product_brand","embeddable":true,"href":"https:\/\/rolex.dafc.com.vn\/rolex\/wp-json\/wp\/v2\/product_brand?post=10438"},{"taxonomy":"product_cat","embeddable":true,"href":"https:\/\/rolex.dafc.com.vn\/rolex\/wp-json\/wp\/v2\/product_cat?post=10438"},{"taxonomy":"product_tag","embeddable":true,"href":"https:\/\/rolex.dafc.com.vn\/rolex\/wp-json\/wp\/v2\/product_tag?post=10438"}],"curies":[{"name":"wp","href":"https:\/\/api.w.org\/{rel}","templated":true}]}}