{"id":6947,"date":"2024-07-23T08:11:44","date_gmt":"2024-07-23T08:11:44","guid":{"rendered":"https:\/\/dafc.efusiondemo.info\/rolex\/?page_id=6947"},"modified":"2026-02-20T02:59:06","modified_gmt":"2026-02-20T02:59:06","slug":"gui-tin-nhan-xin-cam-on","status":"publish","type":"page","link":"https:\/\/rolex.dafc.com.vn\/rolex\/vi\/gui-tin-nhan-xin-cam-on\/","title":{"rendered":"G\u1eedi tin nh\u1eafn &#8211; Xin c\u00e1m \u01a1n"},"content":{"rendered":"\t\t<div data-elementor-type=\"wp-page\" data-elementor-id=\"6947\" class=\"elementor elementor-6947\" data-elementor-post-type=\"page\">\n\t\t\t\t<div class=\"elementor-element elementor-element-3d044ea e-con-full e-flex e-con e-parent\" data-id=\"3d044ea\" data-element_type=\"container\" data-e-type=\"container\">\n\t\t\t\t<div class=\"elementor-element elementor-element-938c3cd elementor-hidden-mobile elementor-widget elementor-widget-image\" data-id=\"938c3cd\" data-element_type=\"widget\" data-e-type=\"widget\" data-widget_type=\"image.default\">\n\t\t\t\t<div class=\"elementor-widget-container\">\n\t\t\t\t\t\t\t\t\t\t\t\t\t\t\t<img fetchpriority=\"high\" decoding=\"async\" width=\"2560\" height=\"747\" src=\"https:\/\/rolex.dafc.com.vn\/rolex\/wp-content\/uploads\/2024\/06\/rolex-message-cover-landscape-scaled.jpg\" class=\"attachment-full size-full wp-image-3873\" alt=\"rolex send us a message\" srcset=\"https:\/\/rolex.dafc.com.vn\/rolex\/wp-content\/uploads\/2024\/06\/rolex-message-cover-landscape-scaled.jpg 2560w, https:\/\/rolex.dafc.com.vn\/rolex\/wp-content\/uploads\/2024\/06\/rolex-message-cover-landscape-scaled-600x175.jpg 600w, https:\/\/rolex.dafc.com.vn\/rolex\/wp-content\/uploads\/2024\/06\/rolex-message-cover-landscape-300x88.jpg 300w, https:\/\/rolex.dafc.com.vn\/rolex\/wp-content\/uploads\/2024\/06\/rolex-message-cover-landscape-1024x299.jpg 1024w, https:\/\/rolex.dafc.com.vn\/rolex\/wp-content\/uploads\/2024\/06\/rolex-message-cover-landscape-768x224.jpg 768w, https:\/\/rolex.dafc.com.vn\/rolex\/wp-content\/uploads\/2024\/06\/rolex-message-cover-landscape-1536x448.jpg 1536w, https:\/\/rolex.dafc.com.vn\/rolex\/wp-content\/uploads\/2024\/06\/rolex-message-cover-landscape-2048x597.jpg 2048w\" sizes=\"(max-width: 2560px) 100vw, 2560px\" \/>\t\t\t\t\t\t\t\t\t\t\t\t\t\t\t<\/div>\n\t\t\t\t<\/div>\n\t\t\t\t<div class=\"elementor-element elementor-element-04f4835 elementor-hidden-desktop elementor-hidden-tablet elementor-widget elementor-widget-image\" data-id=\"04f4835\" data-element_type=\"widget\" data-e-type=\"widget\" data-widget_type=\"image.default\">\n\t\t\t\t<div class=\"elementor-widget-container\">\n\t\t\t\t\t\t\t\t\t\t\t\t\t\t\t<img decoding=\"async\" width=\"780\" height=\"520\" src=\"https:\/\/rolex.dafc.com.vn\/rolex\/wp-content\/uploads\/2024\/06\/rolex-message-cover-portrait.jpg\" class=\"attachment-full size-full wp-image-3875\" alt=\"rolex send us a message\" srcset=\"https:\/\/rolex.dafc.com.vn\/rolex\/wp-content\/uploads\/2024\/06\/rolex-message-cover-portrait.jpg 780w, https:\/\/rolex.dafc.com.vn\/rolex\/wp-content\/uploads\/2024\/06\/rolex-message-cover-portrait-600x400.jpg 600w, https:\/\/rolex.dafc.com.vn\/rolex\/wp-content\/uploads\/2024\/06\/rolex-message-cover-portrait-300x200.jpg 300w, https:\/\/rolex.dafc.com.vn\/rolex\/wp-content\/uploads\/2024\/06\/rolex-message-cover-portrait-768x512.jpg 768w\" sizes=\"(max-width: 780px) 100vw, 780px\" \/>\t\t\t\t\t\t\t\t\t\t\t\t\t\t\t<\/div>\n\t\t\t\t<\/div>\n\t\t\t\t<\/div>\n\t\t<div class=\"elementor-element elementor-element-5072bd1 e-flex e-con-boxed e-con e-parent\" data-id=\"5072bd1\" data-element_type=\"container\" data-e-type=\"container\" data-settings=\"{&quot;background_background&quot;:&quot;classic&quot;}\">\n\t\t\t\t\t<div class=\"e-con-inner\">\n\t\t<div class=\"elementor-element elementor-element-61262bd e-con-full maxwidth-sm e-flex e-con e-child\" data-id=\"61262bd\" data-element_type=\"container\" data-e-type=\"container\">\n\t\t\t\t<div class=\"elementor-element elementor-element-eab7634 elementor-widget elementor-widget-heading\" data-id=\"eab7634\" data-element_type=\"widget\" data-e-type=\"widget\" data-widget_type=\"heading.default\">\n\t\t\t\t<div class=\"elementor-widget-container\">\n\t\t\t\t\t<h1 class=\"elementor-heading-title elementor-size-default\">G\u1eedi tin nh\u1eafn cho ch\u00fang t\u00f4i<\/h1>\t\t\t\t<\/div>\n\t\t\t\t<\/div>\n\t\t\t\t<div class=\"elementor-element elementor-element-d15d9e8 elementor-widget elementor-widget-heading\" data-id=\"d15d9e8\" data-element_type=\"widget\" data-e-type=\"widget\" data-widget_type=\"heading.default\">\n\t\t\t\t<div class=\"elementor-widget-container\">\n\t\t\t\t\t<h2 class=\"elementor-heading-title elementor-size-default\">Xin c\u00e1m \u01a1n<\/h2>\t\t\t\t<\/div>\n\t\t\t\t<\/div>\n\t\t\t\t<div class=\"elementor-element elementor-element-5acdfff elementor-widget elementor-widget-text-editor\" data-id=\"5acdfff\" data-element_type=\"widget\" data-e-type=\"widget\" data-widget_type=\"text-editor.default\">\n\t\t\t\t<div class=\"elementor-widget-container\">\n\t\t\t\t\t\t\t\t\t<p><strong>Tin nh\u1eafn c\u1ee7a b\u1ea1n \u0111\u00e3 \u0111\u01b0\u1ee3c g\u1eedi th\u00e0nh c\u00f4ng \u0111\u1ebfn \u0111\u1ed9i ng\u0169 Rolex t\u1ea1i DAFC.<\/strong><\/p><p>T\u01b0 v\u1ea5n vi\u00ean b\u00e1n h\u00e0ng c\u1ee7a ch\u00fang t\u00f4i s\u1ebd xem x\u00e9t y\u00eau c\u1ea7u c\u1ee7a b\u1ea1n v\u00e0 ph\u1ea3n h\u1ed3i s\u1edbm nh\u1ea5t c\u00f3 th\u1ec3.<\/p>\t\t\t\t\t\t\t\t<\/div>\n\t\t\t\t<\/div>\n\t\t\t\t<div class=\"elementor-element elementor-element-90acdf6 elementor-hidden-desktop elementor-hidden-tablet elementor-hidden-mobile elementor-widget elementor-widget-text-editor\" data-id=\"90acdf6\" data-element_type=\"widget\" data-e-type=\"widget\" data-widget_type=\"text-editor.default\">\n\t\t\t\t<div class=\"elementor-widget-container\">\n\t\t\t\t\t\t\t\t\t<p><strong>C\u00e1m \u01a1n qu\u00fd kh\u00e1ch \u0111\u00e3 li\u00ean h\u1ec7 v\u1edbi ch\u00fang t\u00f4i. Ch\u00fang t\u00f4i s\u1ebd s\u1edbm li\u00ean h\u1ec7 v\u1edbi qu\u00fd kh\u00e1ch sau th\u1eddi gian ngh\u1ec9 T\u1ebft.<\/strong><\/p><p>DAFC k\u00ednh ch\u00fac qu\u00fd kh\u00e1ch n\u0103m m\u1edbi b\u00ecnh an, th\u1ecbnh v\u01b0\u1ee3ng, v\u1ea1n s\u1ef1 nh\u01b0 \u00fd.<\/p><p>Ch\u00fang t\u00f4i xin th\u00f4ng b\u00e1o th\u1eddi gian ngh\u1ec9 l\u1ec5 trong d\u1ecbp T\u1ebft nguy\u00ean \u0111\u00e1ng:<\/p>\t\t\t\t\t\t\t\t<\/div>\n\t\t\t\t<\/div>\n\t\t\t\t<div class=\"elementor-element elementor-element-8076c2f elementor-list-item-link-inline elementor-hidden-desktop elementor-hidden-tablet elementor-hidden-mobile elementor-icon-list--layout-traditional elementor-widget elementor-widget-icon-list\" data-id=\"8076c2f\" data-element_type=\"widget\" data-e-type=\"widget\" data-widget_type=\"icon-list.default\">\n\t\t\t\t<div class=\"elementor-widget-container\">\n\t\t\t\t\t\t\t<ul class=\"elementor-icon-list-items\">\n\t\t\t\t\t\t\t<li class=\"elementor-icon-list-item\">\n\t\t\t\t\t\t\t\t\t\t\t<span class=\"elementor-icon-list-icon\">\n\t\t\t\t\t\t\t<svg aria-hidden=\"true\" class=\"e-font-icon-svg e-fas-circle\" viewBox=\"0 0 512 512\" xmlns=\"http:\/\/www.w3.org\/2000\/svg\"><path d=\"M256 8C119 8 8 119 8 256s111 248 248 248 248-111 248-248S393 8 256 8z\"><\/path><\/svg>\t\t\t\t\t\t<\/span>\n\t\t\t\t\t\t\t\t\t\t<span class=\"elementor-icon-list-text\">Ngh\u1ec9 t\u1eeb ng\u00e0y 16 \u2013 19\/2\/2026<\/span>\n\t\t\t\t\t\t\t\t\t<\/li>\n\t\t\t\t\t\t\t\t<li class=\"elementor-icon-list-item\">\n\t\t\t\t\t\t\t\t\t\t\t<span class=\"elementor-icon-list-icon\">\n\t\t\t\t\t\t\t<svg aria-hidden=\"true\" class=\"e-font-icon-svg e-fas-circle\" viewBox=\"0 0 512 512\" xmlns=\"http:\/\/www.w3.org\/2000\/svg\"><path d=\"M256 8C119 8 8 119 8 256s111 248 248 248 248-111 248-248S393 8 256 8z\"><\/path><\/svg>\t\t\t\t\t\t<\/span>\n\t\t\t\t\t\t\t\t\t\t<span class=\"elementor-icon-list-text\">Th\u1eddi gian m\u1edf c\u1eeda l\u1ea1i v\u00e0o ng\u00e0y 20\/02\/2026.<\/span>\n\t\t\t\t\t\t\t\t\t<\/li>\n\t\t\t\t\t\t<\/ul>\n\t\t\t\t\t\t<\/div>\n\t\t\t\t<\/div>\n\t\t\t\t<div class=\"elementor-element elementor-element-de6e48d elementor-hidden-desktop elementor-hidden-tablet elementor-hidden-mobile elementor-widget elementor-widget-spacer\" data-id=\"de6e48d\" data-element_type=\"widget\" data-e-type=\"widget\" data-widget_type=\"spacer.default\">\n\t\t\t\t<div class=\"elementor-widget-container\">\n\t\t\t\t\t\t\t<div class=\"elementor-spacer\">\n\t\t\t<div class=\"elementor-spacer-inner\"><\/div>\n\t\t<\/div>\n\t\t\t\t\t\t<\/div>\n\t\t\t\t<\/div>\n\t\t\t\t<div class=\"elementor-element elementor-element-86f35ba elementor-hidden-desktop elementor-hidden-tablet elementor-hidden-mobile elementor-widget elementor-widget-text-editor\" data-id=\"86f35ba\" data-element_type=\"widget\" data-e-type=\"widget\" data-widget_type=\"text-editor.default\">\n\t\t\t\t<div class=\"elementor-widget-container\">\n\t\t\t\t\t\t\t\t\t<p><strong>Rex Arcade: 4-6 L\u00ea L\u1ee3i, Qu\u1eadn 1, H\u1ed3 Ch\u00ed Minh:<\/strong><br \/>T\u1eeb ng\u00e0y 28\/01\/2025 \u2013 30\/01\/2025.<br \/>Th\u1eddi gian m\u1edf c\u1eeda l\u1ea1i v\u00e0o ng\u00e0y 31\/1\/2025.<\/p><p><strong>Trang Tien Plaza: 24 Hai B\u00e0 Tr\u01b0ng, Qu\u1eadn Ho\u00e0n Ki\u1ebfm, H\u00e0 N\u1ed9i<\/strong><br \/>T\u1eeb ng\u00e0y 28\/01\/2025 \u2013 31\/01\/2025.<br \/>Th\u1eddi gian m\u1edf c\u1eeda l\u1ea1i v\u00e0o ng\u00e0y 01\/02\/2025.<\/p>\t\t\t\t\t\t\t\t<\/div>\n\t\t\t\t<\/div>\n\t\t\t\t<div class=\"elementor-element elementor-element-b17cde0 elementor-align-center elementor-widget elementor-widget-button\" data-id=\"b17cde0\" data-element_type=\"widget\" data-e-type=\"widget\" data-widget_type=\"button.default\">\n\t\t\t\t<div class=\"elementor-widget-container\">\n\t\t\t\t\t\t\t\t\t<div class=\"elementor-button-wrapper\">\n\t\t\t\t\t<a class=\"elementor-button elementor-button-link elementor-size-sm\" href=\"https:\/\/rolex.dafc.com.vn\/rolex\">\n\t\t\t\t\t\t<span class=\"elementor-button-content-wrapper\">\n\t\t\t\t\t\t\t\t\t<span class=\"elementor-button-text\">Ho\u00e0n th\u00e0nh<\/span>\n\t\t\t\t\t<\/span>\n\t\t\t\t\t<\/a>\n\t\t\t\t<\/div>\n\t\t\t\t\t\t\t\t<\/div>\n\t\t\t\t<\/div>\n\t\t\t\t<\/div>\n\t\t\t\t\t<\/div>\n\t\t\t\t<\/div>\n\t\t<div class=\"elementor-element elementor-element-31618ce e-flex e-con-boxed e-con e-parent\" data-id=\"31618ce\" data-element_type=\"container\" data-e-type=\"container\" data-settings=\"{&quot;background_background&quot;:&quot;classic&quot;}\">\n\t\t\t\t\t<div class=\"e-con-inner\">\n\t\t<div class=\"elementor-element elementor-element-e75bcbf e-con-full maxwidth-md e-flex e-con e-child\" data-id=\"e75bcbf\" data-element_type=\"container\" data-e-type=\"container\">\n\t\t\t\t<div class=\"elementor-element elementor-element-254018d elementor-hidden-mobile elementor-widget elementor-widget-image\" data-id=\"254018d\" data-element_type=\"widget\" data-e-type=\"widget\" data-widget_type=\"image.default\">\n\t\t\t\t<div class=\"elementor-widget-container\">\n\t\t\t\t\t\t\t\t\t\t\t\t\t\t\t<img decoding=\"async\" width=\"2000\" height=\"1000\" src=\"https:\/\/rolex.dafc.com.vn\/rolex\/wp-content\/uploads\/2024\/06\/rolex-message-thank-you-landscape.jpg\" class=\"attachment-full size-full wp-image-3874\" alt=\"Kh\u00f4ng gian b\u00ean trong c\u1eeda h\u00e0ng Rolex DAFC t\u1ea1i Vi\u1ec7t Nam, \u0111\u01b0\u1ee3c tr\u01b0ng b\u00e0y tinh t\u1ebf.\" srcset=\"https:\/\/rolex.dafc.com.vn\/rolex\/wp-content\/uploads\/2024\/06\/rolex-message-thank-you-landscape.jpg 2000w, https:\/\/rolex.dafc.com.vn\/rolex\/wp-content\/uploads\/2024\/06\/rolex-message-thank-you-landscape-600x300.jpg 600w, https:\/\/rolex.dafc.com.vn\/rolex\/wp-content\/uploads\/2024\/06\/rolex-message-thank-you-landscape-300x150.jpg 300w, https:\/\/rolex.dafc.com.vn\/rolex\/wp-content\/uploads\/2024\/06\/rolex-message-thank-you-landscape-1024x512.jpg 1024w, https:\/\/rolex.dafc.com.vn\/rolex\/wp-content\/uploads\/2024\/06\/rolex-message-thank-you-landscape-768x384.jpg 768w, https:\/\/rolex.dafc.com.vn\/rolex\/wp-content\/uploads\/2024\/06\/rolex-message-thank-you-landscape-1536x768.jpg 1536w\" sizes=\"(max-width: 2000px) 100vw, 2000px\" \/>\t\t\t\t\t\t\t\t\t\t\t\t\t\t\t<\/div>\n\t\t\t\t<\/div>\n\t\t\t\t<div class=\"elementor-element elementor-element-f31b046 elementor-hidden-desktop elementor-hidden-tablet elementor-widget elementor-widget-image\" data-id=\"f31b046\" data-element_type=\"widget\" data-e-type=\"widget\" data-widget_type=\"image.default\">\n\t\t\t\t<div class=\"elementor-widget-container\">\n\t\t\t\t\t\t\t\t\t\t\t\t\t\t\t<img loading=\"lazy\" decoding=\"async\" width=\"780\" height=\"780\" src=\"https:\/\/rolex.dafc.com.vn\/rolex\/wp-content\/uploads\/2024\/06\/rolex-message-thank-you-portrait.jpg\" class=\"attachment-full size-full wp-image-3876\" alt=\"Kh\u00f4ng gian b\u00ean trong c\u1eeda h\u00e0ng Rolex DAFC t\u1ea1i Vi\u1ec7t Nam, \u0111\u01b0\u1ee3c tr\u01b0ng b\u00e0y tinh t\u1ebf.\" srcset=\"https:\/\/rolex.dafc.com.vn\/rolex\/wp-content\/uploads\/2024\/06\/rolex-message-thank-you-portrait.jpg 780w, https:\/\/rolex.dafc.com.vn\/rolex\/wp-content\/uploads\/2024\/06\/rolex-message-thank-you-portrait-300x300.jpg 300w, https:\/\/rolex.dafc.com.vn\/rolex\/wp-content\/uploads\/2024\/06\/rolex-message-thank-you-portrait-100x100.jpg 100w, https:\/\/rolex.dafc.com.vn\/rolex\/wp-content\/uploads\/2024\/06\/rolex-message-thank-you-portrait-600x600.jpg 600w, https:\/\/rolex.dafc.com.vn\/rolex\/wp-content\/uploads\/2024\/06\/rolex-message-thank-you-portrait-150x150.jpg 150w, https:\/\/rolex.dafc.com.vn\/rolex\/wp-content\/uploads\/2024\/06\/rolex-message-thank-you-portrait-768x768.jpg 768w\" sizes=\"(max-width: 780px) 100vw, 780px\" \/>\t\t\t\t\t\t\t\t\t\t\t\t\t\t\t<\/div>\n\t\t\t\t<\/div>\n\t\t\t\t<\/div>\n\t\t\t\t\t<\/div>\n\t\t\t\t<\/div>\n\t\t\t\t<\/div>\n\t\t","protected":false},"excerpt":{"rendered":"<p>G\u1eedi tin nh\u1eafn cho ch\u00fang t\u00f4i Xin c\u00e1m \u01a1n Tin nh\u1eafn c\u1ee7a b\u1ea1n \u0111\u00e3 \u0111\u01b0\u1ee3c g\u1eedi th\u00e0nh c\u00f4ng \u0111\u1ebfn \u0111\u1ed9i ng\u0169 Rolex t\u1ea1i DAFC. T\u01b0 v\u1ea5n vi\u00ean b\u00e1n h\u00e0ng c\u1ee7a ch\u00fang t\u00f4i s\u1ebd xem x\u00e9t y\u00eau c\u1ea7u c\u1ee7a b\u1ea1n v\u00e0 ph\u1ea3n h\u1ed3i s\u1edbm nh\u1ea5t c\u00f3 th\u1ec3. C\u00e1m \u01a1n qu\u00fd kh\u00e1ch \u0111\u00e3 li\u00ean h\u1ec7 v\u1edbi ch\u00fang [&hellip;]<\/p>\n","protected":false},"author":1,"featured_media":0,"parent":0,"menu_order":0,"comment_status":"closed","ping_status":"closed","template":"","meta":{"_acf_changed":false,"footnotes":""},"class_list":["post-6947","page","type-page","status-publish","hentry"],"acf":[],"lang":"vi","translations":{"vi":6947,"en":4191},"pll_sync_post":[],"_links":{"self":[{"href":"https:\/\/rolex.dafc.com.vn\/rolex\/wp-json\/wp\/v2\/pages\/6947","targetHints":{"allow":["GET"]}}],"collection":[{"href":"https:\/\/rolex.dafc.com.vn\/rolex\/wp-json\/wp\/v2\/pages"}],"about":[{"href":"https:\/\/rolex.dafc.com.vn\/rolex\/wp-json\/wp\/v2\/types\/page"}],"author":[{"embeddable":true,"href":"https:\/\/rolex.dafc.com.vn\/rolex\/wp-json\/wp\/v2\/users\/1"}],"replies":[{"embeddable":true,"href":"https:\/\/rolex.dafc.com.vn\/rolex\/wp-json\/wp\/v2\/comments?post=6947"}],"version-history":[{"count":38,"href":"https:\/\/rolex.dafc.com.vn\/rolex\/wp-json\/wp\/v2\/pages\/6947\/revisions"}],"predecessor-version":[{"id":11856,"href":"https:\/\/rolex.dafc.com.vn\/rolex\/wp-json\/wp\/v2\/pages\/6947\/revisions\/11856"}],"wp:attachment":[{"href":"https:\/\/rolex.dafc.com.vn\/rolex\/wp-json\/wp\/v2\/media?parent=6947"}],"curies":[{"name":"wp","href":"https:\/\/api.w.org\/{rel}","templated":true}]}}