{"id":10060,"date":"2025-07-09T03:56:51","date_gmt":"2025-07-09T03:56:51","guid":{"rendered":"https:\/\/rolex.dafc.com.vn\/rolex\/?page_id=10060"},"modified":"2026-02-03T02:55:50","modified_gmt":"2026-02-03T02:55:50","slug":"chinh-sach-cookie","status":"publish","type":"page","link":"https:\/\/rolex.dafc.com.vn\/rolex\/vi\/chinh-sach-cookie\/","title":{"rendered":"Ch\u00ednh S\u00e1ch Cookie"},"content":{"rendered":"\t\t<div data-elementor-type=\"wp-page\" data-elementor-id=\"10060\" class=\"elementor elementor-10060\" data-elementor-post-type=\"page\">\n\t\t\t\t<div class=\"elementor-element elementor-element-587a28f e-flex e-con-boxed e-con e-parent\" data-id=\"587a28f\" data-element_type=\"container\" data-e-type=\"container\">\n\t\t\t\t\t<div class=\"e-con-inner\">\n\t\t\t\t<div class=\"elementor-element elementor-element-d94db3d elementor-widget elementor-widget-heading\" data-id=\"d94db3d\" data-element_type=\"widget\" data-e-type=\"widget\" data-widget_type=\"heading.default\">\n\t\t\t\t<div class=\"elementor-widget-container\">\n\t\t\t\t\t<h1 class=\"elementor-heading-title elementor-size-default\">Ch\u00ednh S\u00e1ch Cookie<\/h1>\t\t\t\t<\/div>\n\t\t\t\t<\/div>\n\t\t\t\t<div class=\"elementor-element elementor-element-7b7911f elementor-widget elementor-widget-text-editor\" data-id=\"7b7911f\" data-element_type=\"widget\" data-e-type=\"widget\" data-widget_type=\"text-editor.default\">\n\t\t\t\t<div class=\"elementor-widget-container\">\n\t\t\t\t\t\t\t\t\t<p>Ch\u00fang t\u00f4i c\u00f3 th\u1ec3 s\u1eed d\u1ee5ng cookie tr\u00ean Trang web c\u1ee7a m\u00ecnh. Cookie l\u00e0 m\u1ed9t t\u1ec7p v\u0103n b\u1ea3n m\u00e0 m\u1ed9t trang web chuy\u1ec3n \u0111\u1ebfn \u1ed5 c\u1ee9ng m\u00e1y t\u00ednh c\u1ee7a b\u1ea1n \u0111\u1ec3 trang web c\u00f3 th\u1ec3 ghi nh\u1edb b\u1ea1n l\u00e0 ai. Cookie ch\u1ec9 ghi l\u1ea1i nh\u1eefng khu v\u1ef1c c\u1ee7a trang web \u0111\u00e3 \u0111\u01b0\u1ee3c m\u00e1y t\u00ednh c\u1ee7a b\u1ea1n truy c\u1eadp v\u00e0 trong th\u1eddi gian bao l\u00e2u.<\/p><p>B\u1ea1n c\u00f3 th\u1ec3 ch\u1ea5p nh\u1eadn ho\u1eb7c t\u1eeb ch\u1ed1i cookie b\u1eb1ng c\u00e1ch thay \u0111\u1ed5i c\u00e0i \u0111\u1eb7t trong tr\u00ecnh duy\u1ec7t c\u1ee7a m\u00ecnh. N\u1ebfu b\u1ea1n mu\u1ed1n th\u1ef1c hi\u1ec7n \u0111i\u1ec1u n\u00e0y, vui l\u00f2ng tham kh\u1ea3o m\u1ee5c tr\u1ee3 gi\u00fap c\u1ee7a tr\u00ecnh duy\u1ec7t. Tuy nhi\u00ean, n\u1ebfu t\u1eaft cookie, b\u1ea1n c\u00f3 th\u1ec3 kh\u00f4ng s\u1eed d\u1ee5ng \u0111\u01b0\u1ee3c t\u1ea5t c\u1ea3 c\u00e1c t\u00ednh n\u0103ng t\u01b0\u01a1ng t\u00e1c tr\u00ean Trang web c\u1ee7a ch\u00fang t\u00f4i.<\/p>\t\t\t\t\t\t\t\t<\/div>\n\t\t\t\t<\/div>\n\t\t\t\t<div class=\"elementor-element elementor-element-6adce5f cky-banner-element elementor-widget elementor-widget-button\" data-id=\"6adce5f\" data-element_type=\"widget\" data-e-type=\"widget\" data-widget_type=\"button.default\">\n\t\t\t\t<div class=\"elementor-widget-container\">\n\t\t\t\t\t\t\t\t\t<div class=\"elementor-button-wrapper\">\n\t\t\t\t\t<a class=\"elementor-button elementor-button-link elementor-size-sm\" href=\"#\">\n\t\t\t\t\t\t<span class=\"elementor-button-content-wrapper\">\n\t\t\t\t\t\t\t\t\t<span class=\"elementor-button-text\">C\u1ea5u h\u00ecnh ch\u00ednh s\u00e1ch cookie<\/span>\n\t\t\t\t\t<\/span>\n\t\t\t\t\t<\/a>\n\t\t\t\t<\/div>\n\t\t\t\t\t\t\t\t<\/div>\n\t\t\t\t<\/div>\n\t\t\t\t<div class=\"elementor-element elementor-element-968be77 elementor-widget elementor-widget-spacer\" data-id=\"968be77\" data-element_type=\"widget\" data-e-type=\"widget\" data-widget_type=\"spacer.default\">\n\t\t\t\t<div class=\"elementor-widget-container\">\n\t\t\t\t\t\t\t<div class=\"elementor-spacer\">\n\t\t\t<div class=\"elementor-spacer-inner\"><\/div>\n\t\t<\/div>\n\t\t\t\t\t\t<\/div>\n\t\t\t\t<\/div>\n\t\t\t\t<div class=\"elementor-element elementor-element-c9fd74e elementor-widget elementor-widget-heading\" data-id=\"c9fd74e\" data-element_type=\"widget\" data-e-type=\"widget\" data-widget_type=\"heading.default\">\n\t\t\t\t<div class=\"elementor-widget-container\">\n\t\t\t\t\t<h2 class=\"elementor-heading-title elementor-size-default\">Ph\u1ea7n Rolex<\/h2>\t\t\t\t<\/div>\n\t\t\t\t<\/div>\n\t\t\t\t<div class=\"elementor-element elementor-element-c2009a5 elementor-widget elementor-widget-text-editor\" data-id=\"c2009a5\" data-element_type=\"widget\" data-e-type=\"widget\" data-widget_type=\"text-editor.default\">\n\t\t\t\t<div class=\"elementor-widget-container\">\n\t\t\t\t\t\t\t\t\tKhi b\u1ea1n truy c\u1eadp ph\u1ea7n Rolex tr\u00ean trang web c\u1ee7a ch\u00fang t\u00f4i, m\u1ed9t s\u1ed1 cookie s\u1ebd do ROLEX SA ki\u1ec3m so\u00e1t v\u00e0 tu\u00e2n theo <span style=\"text-decoration: underline;\"><a href=\"#\" onclick=\"var w=window.open('https:\/\/www.rolex.com\/vi\/legal-notices\/cookies', '_blank', 'width=800,height=600'); if(w)w.opener=null; return false;\">Ch\u00ednh S\u00e1ch Cookie<\/a><\/span> c\u1ee7a ROLEX SA. B\u1ea1n c\u00f3 th\u1ec3 t\u01b0\u01a1ng t\u00e1c v\u1edbi m\u1ed9t trang web nh\u00fang t\u1eeb <span style=\"text-decoration: underline;\"><a href=\"#\" onclick=\"var w=window.open('https:\/\/www.rolex.com\/', '_blank', 'width=800,height=600'); if(w)w.opener=null; return false;\">www.rolex.com<\/a><\/span>. Trong tr\u01b0\u1eddng h\u1ee3p n\u00e0y, <span style=\"text-decoration: underline;\"><a href=\"#\" onclick=\"var w=window.open('https:\/\/www.rolex.com\/vi\/legal-notices\/privacy-notice', '_blank', 'width=800,height=600'); if(w)w.opener=null; return false;\">Th\u00f4ng B\u00e1o Quy\u1ec1n Ri\u00eang T\u01b0<\/a><\/span> c\u1ee7a <span style=\"text-decoration: underline;\"><a href=\"#\" onclick=\"var w=window.open('https:\/\/www.rolex.com\/', '_blank', 'width=800,height=600'); if(w)w.opener=null; return false;\">www.rolex.com<\/a><\/span> s\u1ebd l\u00e0 ch\u00ednh s\u00e1ch duy nh\u1ea5t \u0111\u01b0\u1ee3c \u00e1p d\u1ee5ng.\t\t\t\t\t\t\t\t<\/div>\n\t\t\t\t<\/div>\n\t\t\t\t\t<\/div>\n\t\t\t\t<\/div>\n\t\t\t\t<\/div>\n\t\t","protected":false},"excerpt":{"rendered":"<p>Ch\u00ednh S\u00e1ch Cookie Ch\u00fang t\u00f4i c\u00f3 th\u1ec3 s\u1eed d\u1ee5ng cookie tr\u00ean Trang web c\u1ee7a m\u00ecnh. Cookie l\u00e0 m\u1ed9t t\u1ec7p v\u0103n b\u1ea3n m\u00e0 m\u1ed9t trang web chuy\u1ec3n \u0111\u1ebfn \u1ed5 c\u1ee9ng m\u00e1y t\u00ednh c\u1ee7a b\u1ea1n \u0111\u1ec3 trang web c\u00f3 th\u1ec3 ghi nh\u1edb b\u1ea1n l\u00e0 ai. Cookie ch\u1ec9 ghi l\u1ea1i nh\u1eefng khu v\u1ef1c c\u1ee7a trang web \u0111\u00e3 \u0111\u01b0\u1ee3c [&hellip;]<\/p>\n","protected":false},"author":1,"featured_media":0,"parent":0,"menu_order":0,"comment_status":"closed","ping_status":"closed","template":"","meta":{"_acf_changed":false,"footnotes":""},"class_list":["post-10060","page","type-page","status-publish","hentry"],"acf":[],"lang":"vi","translations":{"vi":10060,"en":10047},"pll_sync_post":[],"_links":{"self":[{"href":"https:\/\/rolex.dafc.com.vn\/rolex\/wp-json\/wp\/v2\/pages\/10060","targetHints":{"allow":["GET"]}}],"collection":[{"href":"https:\/\/rolex.dafc.com.vn\/rolex\/wp-json\/wp\/v2\/pages"}],"about":[{"href":"https:\/\/rolex.dafc.com.vn\/rolex\/wp-json\/wp\/v2\/types\/page"}],"author":[{"embeddable":true,"href":"https:\/\/rolex.dafc.com.vn\/rolex\/wp-json\/wp\/v2\/users\/1"}],"replies":[{"embeddable":true,"href":"https:\/\/rolex.dafc.com.vn\/rolex\/wp-json\/wp\/v2\/comments?post=10060"}],"version-history":[{"count":15,"href":"https:\/\/rolex.dafc.com.vn\/rolex\/wp-json\/wp\/v2\/pages\/10060\/revisions"}],"predecessor-version":[{"id":11464,"href":"https:\/\/rolex.dafc.com.vn\/rolex\/wp-json\/wp\/v2\/pages\/10060\/revisions\/11464"}],"wp:attachment":[{"href":"https:\/\/rolex.dafc.com.vn\/rolex\/wp-json\/wp\/v2\/media?parent=10060"}],"curies":[{"name":"wp","href":"https:\/\/api.w.org\/{rel}","templated":true}]}}